{"id":19,"date":"2009-09-24T07:44:35","date_gmt":"2009-09-24T05:44:35","guid":{"rendered":"http:\/\/wp1128445.wp167.webpack.hosteurope.de\/?page_id=19"},"modified":"2018-10-16T14:18:04","modified_gmt":"2018-10-16T12:18:04","slug":"trauringe-design-fur-die-ewigkeit","status":"publish","type":"page","link":"https:\/\/stage.zeno-schmuck.de\/?page_id=19","title":{"rendered":"Trauringe"},"content":{"rendered":"<p><img loading=\"lazy\" class=\"alignleft wp-image-288 size-medium\" src=\"http:\/\/zeno-schmuck.de\/wp-content\/uploads\/2009\/09\/Trauringe_2-300x200.jpg\" alt=\"trauringe_2\" width=\"300\" height=\"200\" srcset=\"https:\/\/stage.zeno-schmuck.de\/wp-content\/uploads\/2009\/09\/Trauringe_2-300x200.jpg 300w, https:\/\/stage.zeno-schmuck.de\/wp-content\/uploads\/2009\/09\/Trauringe_2-150x100.jpg 150w, https:\/\/stage.zeno-schmuck.de\/wp-content\/uploads\/2009\/09\/Trauringe_2-768x512.jpg 768w, https:\/\/stage.zeno-schmuck.de\/wp-content\/uploads\/2009\/09\/Trauringe_2-1024x683.jpg 1024w\" sizes=\"(max-width: 300px) 100vw, 300px\" \/>Trauringe stehen f\u00fcr das gemeinsame Versprechen und kr\u00f6nen die Entscheidung zu <strong>Zweisamkeit<\/strong>. Auch wenn nach dem gro\u00dfen Fest die Erinnerungen langsam verblassen zeugen die Trauringe <strong>ein Leben lang<\/strong> von diesem Augenblick. Sie werden ein Teil von uns, <strong>ein Teil von einer gemeinsamen Geschichte<\/strong> und wollen mit Bedacht gew\u00e4hlt werden. Zeno Schmuck hat eine<strong> gro\u00dfe Auswahl<\/strong> an stilvollen Trauringen zur Auswahl und hilft mit einer <strong>pers\u00f6nlichen Beratung<\/strong>, das Passende zu finden. Von der pers\u00f6nlichen Anpassung bis hin zur Kreation eine v\u00f6llig neuen <strong>individuellen Schmuckst\u00fccks<\/strong> ist Zeno Schmuck der kompetente Partner in Sachen Verlobung- und Hochzeitsringe. Und das Besondere: Bei jedem individuellen Design ist ein Probering, der 14 Tage lang zum Test getragen werden kann, inklusive.<\/p>\n<p>&nbsp;<\/p>\n<p><img loading=\"lazy\" class=\"alignnone size-medium wp-image-1019\" src=\"http:\/\/zeno-schmuck.de\/wp-content\/uploads\/2018\/10\/MG_7983-300x200.jpg\" alt=\"\" width=\"300\" height=\"200\" srcset=\"https:\/\/stage.zeno-schmuck.de\/wp-content\/uploads\/2018\/10\/MG_7983-300x200.jpg 300w, https:\/\/stage.zeno-schmuck.de\/wp-content\/uploads\/2018\/10\/MG_7983-150x100.jpg 150w, https:\/\/stage.zeno-schmuck.de\/wp-content\/uploads\/2018\/10\/MG_7983-768x512.jpg 768w, https:\/\/stage.zeno-schmuck.de\/wp-content\/uploads\/2018\/10\/MG_7983-1024x683.jpg 1024w\" sizes=\"(max-width: 300px) 100vw, 300px\" \/> <img loading=\"lazy\" class=\"alignnone size-medium wp-image-1018\" src=\"http:\/\/zeno-schmuck.de\/wp-content\/uploads\/2018\/10\/MG_7939-300x200.jpg\" alt=\"\" width=\"300\" height=\"200\" srcset=\"https:\/\/stage.zeno-schmuck.de\/wp-content\/uploads\/2018\/10\/MG_7939-300x200.jpg 300w, https:\/\/stage.zeno-schmuck.de\/wp-content\/uploads\/2018\/10\/MG_7939-150x100.jpg 150w, https:\/\/stage.zeno-schmuck.de\/wp-content\/uploads\/2018\/10\/MG_7939-768x512.jpg 768w, https:\/\/stage.zeno-schmuck.de\/wp-content\/uploads\/2018\/10\/MG_7939-1024x683.jpg 1024w\" sizes=\"(max-width: 300px) 100vw, 300px\" \/> <img loading=\"lazy\" class=\"alignnone size-medium wp-image-1017\" src=\"http:\/\/zeno-schmuck.de\/wp-content\/uploads\/2018\/10\/MG_7866-300x200.jpg\" alt=\"\" width=\"300\" height=\"200\" srcset=\"https:\/\/stage.zeno-schmuck.de\/wp-content\/uploads\/2018\/10\/MG_7866-300x200.jpg 300w, https:\/\/stage.zeno-schmuck.de\/wp-content\/uploads\/2018\/10\/MG_7866-150x100.jpg 150w, https:\/\/stage.zeno-schmuck.de\/wp-content\/uploads\/2018\/10\/MG_7866-768x512.jpg 768w, https:\/\/stage.zeno-schmuck.de\/wp-content\/uploads\/2018\/10\/MG_7866-1024x683.jpg 1024w\" sizes=\"(max-width: 300px) 100vw, 300px\" \/> <img loading=\"lazy\" class=\"alignnone size-medium wp-image-1016\" src=\"http:\/\/zeno-schmuck.de\/wp-content\/uploads\/2018\/10\/MG_7748-300x200.jpg\" alt=\"\" width=\"300\" height=\"200\" srcset=\"https:\/\/stage.zeno-schmuck.de\/wp-content\/uploads\/2018\/10\/MG_7748-300x200.jpg 300w, https:\/\/stage.zeno-schmuck.de\/wp-content\/uploads\/2018\/10\/MG_7748-150x100.jpg 150w, https:\/\/stage.zeno-schmuck.de\/wp-content\/uploads\/2018\/10\/MG_7748-768x512.jpg 768w, https:\/\/stage.zeno-schmuck.de\/wp-content\/uploads\/2018\/10\/MG_7748-1024x683.jpg 1024w\" sizes=\"(max-width: 300px) 100vw, 300px\" \/> <img loading=\"lazy\" class=\"alignnone size-medium wp-image-1015\" src=\"http:\/\/zeno-schmuck.de\/wp-content\/uploads\/2018\/10\/MG_6989-300x200.jpg\" alt=\"\" width=\"300\" height=\"200\" srcset=\"https:\/\/stage.zeno-schmuck.de\/wp-content\/uploads\/2018\/10\/MG_6989-300x200.jpg 300w, https:\/\/stage.zeno-schmuck.de\/wp-content\/uploads\/2018\/10\/MG_6989-150x100.jpg 150w, https:\/\/stage.zeno-schmuck.de\/wp-content\/uploads\/2018\/10\/MG_6989-768x512.jpg 768w, https:\/\/stage.zeno-schmuck.de\/wp-content\/uploads\/2018\/10\/MG_6989-1024x683.jpg 1024w\" sizes=\"(max-width: 300px) 100vw, 300px\" \/> <img loading=\"lazy\" class=\"alignnone size-medium wp-image-1014\" src=\"http:\/\/zeno-schmuck.de\/wp-content\/uploads\/2018\/10\/MG_6788-300x200.jpg\" alt=\"\" width=\"300\" height=\"200\" srcset=\"https:\/\/stage.zeno-schmuck.de\/wp-content\/uploads\/2018\/10\/MG_6788-300x200.jpg 300w, https:\/\/stage.zeno-schmuck.de\/wp-content\/uploads\/2018\/10\/MG_6788-150x100.jpg 150w, https:\/\/stage.zeno-schmuck.de\/wp-content\/uploads\/2018\/10\/MG_6788-768x512.jpg 768w, https:\/\/stage.zeno-schmuck.de\/wp-content\/uploads\/2018\/10\/MG_6788-1024x683.jpg 1024w\" sizes=\"(max-width: 300px) 100vw, 300px\" \/> <img loading=\"lazy\" class=\"alignnone size-medium wp-image-1013\" src=\"http:\/\/zeno-schmuck.de\/wp-content\/uploads\/2018\/10\/MG_1975-300x200.jpg\" alt=\"\" width=\"300\" height=\"200\" srcset=\"https:\/\/stage.zeno-schmuck.de\/wp-content\/uploads\/2018\/10\/MG_1975-300x200.jpg 300w, https:\/\/stage.zeno-schmuck.de\/wp-content\/uploads\/2018\/10\/MG_1975-150x100.jpg 150w, https:\/\/stage.zeno-schmuck.de\/wp-content\/uploads\/2018\/10\/MG_1975-768x512.jpg 768w, https:\/\/stage.zeno-schmuck.de\/wp-content\/uploads\/2018\/10\/MG_1975-1024x683.jpg 1024w\" sizes=\"(max-width: 300px) 100vw, 300px\" \/> <img loading=\"lazy\" class=\"alignnone size-medium wp-image-1012\" src=\"http:\/\/zeno-schmuck.de\/wp-content\/uploads\/2018\/10\/MG_1932-300x200.jpg\" alt=\"\" width=\"300\" height=\"200\" srcset=\"https:\/\/stage.zeno-schmuck.de\/wp-content\/uploads\/2018\/10\/MG_1932-300x200.jpg 300w, https:\/\/stage.zeno-schmuck.de\/wp-content\/uploads\/2018\/10\/MG_1932-150x100.jpg 150w, https:\/\/stage.zeno-schmuck.de\/wp-content\/uploads\/2018\/10\/MG_1932-768x512.jpg 768w, https:\/\/stage.zeno-schmuck.de\/wp-content\/uploads\/2018\/10\/MG_1932-1024x683.jpg 1024w\" sizes=\"(max-width: 300px) 100vw, 300px\" \/> <img loading=\"lazy\" class=\"alignnone size-medium wp-image-1011\" src=\"http:\/\/zeno-schmuck.de\/wp-content\/uploads\/2018\/10\/MG_1906-300x200.jpg\" alt=\"\" width=\"300\" height=\"200\" srcset=\"https:\/\/stage.zeno-schmuck.de\/wp-content\/uploads\/2018\/10\/MG_1906-300x200.jpg 300w, https:\/\/stage.zeno-schmuck.de\/wp-content\/uploads\/2018\/10\/MG_1906-150x100.jpg 150w, https:\/\/stage.zeno-schmuck.de\/wp-content\/uploads\/2018\/10\/MG_1906-768x512.jpg 768w, https:\/\/stage.zeno-schmuck.de\/wp-content\/uploads\/2018\/10\/MG_1906-1024x683.jpg 1024w\" sizes=\"(max-width: 300px) 100vw, 300px\" \/> <img loading=\"lazy\" class=\"alignnone size-medium wp-image-1010\" src=\"http:\/\/zeno-schmuck.de\/wp-content\/uploads\/2018\/10\/MG_1890-300x200.jpg\" alt=\"\" width=\"300\" height=\"200\" srcset=\"https:\/\/stage.zeno-schmuck.de\/wp-content\/uploads\/2018\/10\/MG_1890-300x200.jpg 300w, https:\/\/stage.zeno-schmuck.de\/wp-content\/uploads\/2018\/10\/MG_1890-150x100.jpg 150w, https:\/\/stage.zeno-schmuck.de\/wp-content\/uploads\/2018\/10\/MG_1890-768x512.jpg 768w, https:\/\/stage.zeno-schmuck.de\/wp-content\/uploads\/2018\/10\/MG_1890-1024x683.jpg 1024w\" sizes=\"(max-width: 300px) 100vw, 300px\" \/> <img loading=\"lazy\" class=\"alignnone size-medium wp-image-1009\" src=\"http:\/\/zeno-schmuck.de\/wp-content\/uploads\/2018\/10\/MG_1879-300x200.jpg\" alt=\"\" width=\"300\" height=\"200\" srcset=\"https:\/\/stage.zeno-schmuck.de\/wp-content\/uploads\/2018\/10\/MG_1879-300x200.jpg 300w, https:\/\/stage.zeno-schmuck.de\/wp-content\/uploads\/2018\/10\/MG_1879-150x100.jpg 150w, https:\/\/stage.zeno-schmuck.de\/wp-content\/uploads\/2018\/10\/MG_1879-768x512.jpg 768w, https:\/\/stage.zeno-schmuck.de\/wp-content\/uploads\/2018\/10\/MG_1879-1024x683.jpg 1024w\" sizes=\"(max-width: 300px) 100vw, 300px\" \/> <img loading=\"lazy\" class=\"alignnone size-medium wp-image-1008\" src=\"http:\/\/zeno-schmuck.de\/wp-content\/uploads\/2018\/10\/MG_1875-300x200.jpg\" alt=\"\" width=\"300\" height=\"200\" srcset=\"https:\/\/stage.zeno-schmuck.de\/wp-content\/uploads\/2018\/10\/MG_1875-300x200.jpg 300w, https:\/\/stage.zeno-schmuck.de\/wp-content\/uploads\/2018\/10\/MG_1875-150x100.jpg 150w, https:\/\/stage.zeno-schmuck.de\/wp-content\/uploads\/2018\/10\/MG_1875-768x512.jpg 768w, https:\/\/stage.zeno-schmuck.de\/wp-content\/uploads\/2018\/10\/MG_1875-1024x683.jpg 1024w\" sizes=\"(max-width: 300px) 100vw, 300px\" \/> <img loading=\"lazy\" class=\"alignnone size-medium wp-image-1007\" src=\"http:\/\/zeno-schmuck.de\/wp-content\/uploads\/2018\/10\/MG_0746-300x200.jpg\" alt=\"\" width=\"300\" height=\"200\" srcset=\"https:\/\/stage.zeno-schmuck.de\/wp-content\/uploads\/2018\/10\/MG_0746-300x200.jpg 300w, https:\/\/stage.zeno-schmuck.de\/wp-content\/uploads\/2018\/10\/MG_0746-150x100.jpg 150w, https:\/\/stage.zeno-schmuck.de\/wp-content\/uploads\/2018\/10\/MG_0746-768x512.jpg 768w, https:\/\/stage.zeno-schmuck.de\/wp-content\/uploads\/2018\/10\/MG_0746-1024x683.jpg 1024w\" sizes=\"(max-width: 300px) 100vw, 300px\" \/> <img loading=\"lazy\" class=\"alignnone size-medium wp-image-1006\" src=\"http:\/\/zeno-schmuck.de\/wp-content\/uploads\/2018\/10\/MG_0721-300x200.jpg\" alt=\"\" width=\"300\" height=\"200\" srcset=\"https:\/\/stage.zeno-schmuck.de\/wp-content\/uploads\/2018\/10\/MG_0721-300x200.jpg 300w, https:\/\/stage.zeno-schmuck.de\/wp-content\/uploads\/2018\/10\/MG_0721-150x100.jpg 150w, https:\/\/stage.zeno-schmuck.de\/wp-content\/uploads\/2018\/10\/MG_0721-768x512.jpg 768w, https:\/\/stage.zeno-schmuck.de\/wp-content\/uploads\/2018\/10\/MG_0721-1024x683.jpg 1024w\" sizes=\"(max-width: 300px) 100vw, 300px\" \/> <img loading=\"lazy\" class=\"alignnone size-medium wp-image-1003\" src=\"http:\/\/zeno-schmuck.de\/wp-content\/uploads\/2018\/10\/MG_0561-300x200.jpg\" alt=\"\" width=\"300\" height=\"200\" srcset=\"https:\/\/stage.zeno-schmuck.de\/wp-content\/uploads\/2018\/10\/MG_0561-300x200.jpg 300w, https:\/\/stage.zeno-schmuck.de\/wp-content\/uploads\/2018\/10\/MG_0561-150x100.jpg 150w, https:\/\/stage.zeno-schmuck.de\/wp-content\/uploads\/2018\/10\/MG_0561-768x512.jpg 768w, https:\/\/stage.zeno-schmuck.de\/wp-content\/uploads\/2018\/10\/MG_0561-1024x683.jpg 1024w\" sizes=\"(max-width: 300px) 100vw, 300px\" \/> <img loading=\"lazy\" class=\"alignnone size-medium wp-image-1002\" src=\"http:\/\/zeno-schmuck.de\/wp-content\/uploads\/2018\/10\/MG_0497-300x200.jpg\" alt=\"\" width=\"300\" height=\"200\" srcset=\"https:\/\/stage.zeno-schmuck.de\/wp-content\/uploads\/2018\/10\/MG_0497-300x200.jpg 300w, https:\/\/stage.zeno-schmuck.de\/wp-content\/uploads\/2018\/10\/MG_0497-150x100.jpg 150w, https:\/\/stage.zeno-schmuck.de\/wp-content\/uploads\/2018\/10\/MG_0497-768x512.jpg 768w, https:\/\/stage.zeno-schmuck.de\/wp-content\/uploads\/2018\/10\/MG_0497-1024x683.jpg 1024w\" sizes=\"(max-width: 300px) 100vw, 300px\" \/> <img loading=\"lazy\" class=\"alignnone size-medium wp-image-327\" src=\"http:\/\/zeno-schmuck.de\/wp-content\/uploads\/2016\/11\/MG_4776_web-300x200.jpg\" alt=\"\" width=\"300\" height=\"200\" srcset=\"https:\/\/stage.zeno-schmuck.de\/wp-content\/uploads\/2016\/11\/MG_4776_web-300x200.jpg 300w, https:\/\/stage.zeno-schmuck.de\/wp-content\/uploads\/2016\/11\/MG_4776_web-150x100.jpg 150w, https:\/\/stage.zeno-schmuck.de\/wp-content\/uploads\/2016\/11\/MG_4776_web-768x512.jpg 768w, https:\/\/stage.zeno-schmuck.de\/wp-content\/uploads\/2016\/11\/MG_4776_web-1024x682.jpg 1024w, https:\/\/stage.zeno-schmuck.de\/wp-content\/uploads\/2016\/11\/MG_4776_web.jpg 1400w\" sizes=\"(max-width: 300px) 100vw, 300px\" \/>\u00a0<img loading=\"lazy\" class=\"alignnone size-medium wp-image-307\" src=\"http:\/\/zeno-schmuck.de\/wp-content\/uploads\/2016\/11\/MG_4739-web-300x181.jpg\" alt=\"\" width=\"300\" height=\"181\" srcset=\"https:\/\/stage.zeno-schmuck.de\/wp-content\/uploads\/2016\/11\/MG_4739-web-300x181.jpg 300w, https:\/\/stage.zeno-schmuck.de\/wp-content\/uploads\/2016\/11\/MG_4739-web-150x91.jpg 150w, https:\/\/stage.zeno-schmuck.de\/wp-content\/uploads\/2016\/11\/MG_4739-web-768x464.jpg 768w, https:\/\/stage.zeno-schmuck.de\/wp-content\/uploads\/2016\/11\/MG_4739-web-1024x618.jpg 1024w\" sizes=\"(max-width: 300px) 100vw, 300px\" \/><\/p>\n<p>&nbsp;<\/p>\n<p>&nbsp;<\/p>\n<p><span style=\"border-radius: 2px; text-indent: 20px; width: auto; padding: 0px 4px 0px 0px; text-align: center; font: bold 11px\/20px 'Helvetica Neue',Helvetica,sans-serif; color: #ffffff; background: #bd081c no-repeat scroll 3px 50% \/ 14px 14px; position: absolute; opacity: 1; z-index: 8675309; display: none; cursor: pointer; top: 116px; left: 718px;\">Merken<\/span><\/p>\n","protected":false},"excerpt":{"rendered":"<p>Trauringe stehen f\u00fcr das gemeinsame Versprechen und kr\u00f6nen die Entscheidung zu Zweisamkeit. Auch wenn nach dem gro\u00dfen Fest die Erinnerungen langsam verblassen zeugen die Trauringe ein Leben lang von diesem Augenblick. Sie werden ein Teil von uns, ein Teil von einer gemeinsamen Geschichte und wollen mit Bedacht gew\u00e4hlt werden. Zeno Schmuck hat eine gro\u00dfe Auswahl [&hellip;]<\/p>\n","protected":false},"author":2,"featured_media":0,"parent":0,"menu_order":1,"comment_status":"closed","ping_status":"closed","template":"","meta":[],"_links":{"self":[{"href":"https:\/\/stage.zeno-schmuck.de\/index.php?rest_route=\/wp\/v2\/pages\/19"}],"collection":[{"href":"https:\/\/stage.zeno-schmuck.de\/index.php?rest_route=\/wp\/v2\/pages"}],"about":[{"href":"https:\/\/stage.zeno-schmuck.de\/index.php?rest_route=\/wp\/v2\/types\/page"}],"author":[{"embeddable":true,"href":"https:\/\/stage.zeno-schmuck.de\/index.php?rest_route=\/wp\/v2\/users\/2"}],"replies":[{"embeddable":true,"href":"https:\/\/stage.zeno-schmuck.de\/index.php?rest_route=%2Fwp%2Fv2%2Fcomments&post=19"}],"version-history":[{"count":18,"href":"https:\/\/stage.zeno-schmuck.de\/index.php?rest_route=\/wp\/v2\/pages\/19\/revisions"}],"predecessor-version":[{"id":1022,"href":"https:\/\/stage.zeno-schmuck.de\/index.php?rest_route=\/wp\/v2\/pages\/19\/revisions\/1022"}],"wp:attachment":[{"href":"https:\/\/stage.zeno-schmuck.de\/index.php?rest_route=%2Fwp%2Fv2%2Fmedia&parent=19"}],"curies":[{"name":"wp","href":"https:\/\/api.w.org\/{rel}","templated":true}]}}