{"id":27,"date":"2009-09-24T07:52:36","date_gmt":"2009-09-24T05:52:36","guid":{"rendered":"http:\/\/wp1128445.wp167.webpack.hosteurope.de\/?page_id=27"},"modified":"2018-05-24T22:57:50","modified_gmt":"2018-05-24T20:57:50","slug":"reparatur-und-reinigung","status":"publish","type":"page","link":"https:\/\/stage.zeno-schmuck.de\/?page_id=27","title":{"rendered":"Reparatur &#038; Reinigung"},"content":{"rendered":"<p><img loading=\"lazy\" class=\"alignleft wp-image-284\" src=\"http:\/\/zeno-schmuck.de\/wp-content\/uploads\/2009\/09\/Werkzeug.gif\" alt=\"werkzeug\" width=\"376\" height=\"376\" \/><strong>Reparatur<\/strong><\/p>\n<p>Hochwertige Schmuckst\u00fccke sind individuelle Wertarbeit. Oft lohnt sich eine Reparatur \u2013 gerade auch bei \u00e4lteren St\u00fccken.Die modern eingerichtete Werkstatt von Zeno Schmuck wartet auf Sie. Lassen Sie sich kompetent beraten und nutzen Sie unser spezielles Angebot, einen kostenlosen Kostenvoranschlag erstellen zu lassen.<\/p>\n<p><strong>Reinigung<\/strong><\/p>\n<p>Die liebsten St\u00fccke werden am h\u00e4ufigsten getragen und zeigen dem entsprechend die st\u00e4rksten Abnutzungserscheinungen. Zeno Schmuck poliert und reinigt ihre besten St\u00fccke und verhilft diesen so zu neuem Glanz.<\/p>\n","protected":false},"excerpt":{"rendered":"<p>Reparatur Hochwertige Schmuckst\u00fccke sind individuelle Wertarbeit. Oft lohnt sich eine Reparatur \u2013 gerade auch bei \u00e4lteren St\u00fccken.Die modern eingerichtete Werkstatt von Zeno Schmuck wartet auf Sie. Lassen Sie sich kompetent beraten und nutzen Sie unser spezielles Angebot, einen kostenlosen Kostenvoranschlag erstellen zu lassen. Reinigung Die liebsten St\u00fccke werden am h\u00e4ufigsten getragen und zeigen dem entsprechend [&hellip;]<\/p>\n","protected":false},"author":2,"featured_media":0,"parent":0,"menu_order":5,"comment_status":"closed","ping_status":"closed","template":"","meta":[],"_links":{"self":[{"href":"https:\/\/stage.zeno-schmuck.de\/index.php?rest_route=\/wp\/v2\/pages\/27"}],"collection":[{"href":"https:\/\/stage.zeno-schmuck.de\/index.php?rest_route=\/wp\/v2\/pages"}],"about":[{"href":"https:\/\/stage.zeno-schmuck.de\/index.php?rest_route=\/wp\/v2\/types\/page"}],"author":[{"embeddable":true,"href":"https:\/\/stage.zeno-schmuck.de\/index.php?rest_route=\/wp\/v2\/users\/2"}],"replies":[{"embeddable":true,"href":"https:\/\/stage.zeno-schmuck.de\/index.php?rest_route=%2Fwp%2Fv2%2Fcomments&post=27"}],"version-history":[{"count":4,"href":"https:\/\/stage.zeno-schmuck.de\/index.php?rest_route=\/wp\/v2\/pages\/27\/revisions"}],"predecessor-version":[{"id":286,"href":"https:\/\/stage.zeno-schmuck.de\/index.php?rest_route=\/wp\/v2\/pages\/27\/revisions\/286"}],"wp:attachment":[{"href":"https:\/\/stage.zeno-schmuck.de\/index.php?rest_route=%2Fwp%2Fv2%2Fmedia&parent=27"}],"curies":[{"name":"wp","href":"https:\/\/api.w.org\/{rel}","templated":true}]}}