{"id":3,"date":"2009-09-22T16:44:20","date_gmt":"2009-09-22T14:44:20","guid":{"rendered":"http:\/\/wp1128445.wp167.webpack.hosteurope.de\/?page_id=3"},"modified":"2018-05-24T22:57:29","modified_gmt":"2018-05-24T20:57:29","slug":"restaurator","status":"publish","type":"page","link":"https:\/\/stage.zeno-schmuck.de\/?page_id=3","title":{"rendered":"Restaurator"},"content":{"rendered":"<p><img loading=\"lazy\" class=\"alignleft wp-image-282\" src=\"http:\/\/zeno-schmuck.de\/wp-content\/uploads\/2009\/09\/Zeno_Schmuck_Meister-737x1024.jpg\" alt=\"zeno_schmuck_meister\" width=\"424\" height=\"590\" srcset=\"https:\/\/stage.zeno-schmuck.de\/wp-content\/uploads\/2009\/09\/Zeno_Schmuck_Meister-737x1024.jpg 737w, https:\/\/stage.zeno-schmuck.de\/wp-content\/uploads\/2009\/09\/Zeno_Schmuck_Meister-108x150.jpg 108w, https:\/\/stage.zeno-schmuck.de\/wp-content\/uploads\/2009\/09\/Zeno_Schmuck_Meister-216x300.jpg 216w, https:\/\/stage.zeno-schmuck.de\/wp-content\/uploads\/2009\/09\/Zeno_Schmuck_Meister-768x1067.jpg 768w, https:\/\/stage.zeno-schmuck.de\/wp-content\/uploads\/2009\/09\/Zeno_Schmuck_Meister.jpg 900w\" sizes=\"(max-width: 424px) 100vw, 424px\" \/>Eine Restaurierung stellt die Durchf\u00fchrung von Ma\u00dfnahmen zur Erhaltung von Kunstwerken oder spezieller von Schmuckst\u00fccken alles Art in ihrem materiellen Bestand dar. Sie erfordert eine enorme Sachkenntnis. Um eine Ausbildung zum Restaurator im Bereich des Handwerks zu erlangen, muss zun\u00e4chst eine Lehre absolviert werden. Im Anschluss daran kann bei entsprechender Qualifikation der\u00a0Meister-Abschluss erfolgen. Des Weiteren besteht die M\u00f6glichkeit, einen mehrmonatigen Weiterbildungskurs zu besuchen, der bei erfolgreichem Abschluss beispielsweise zum Berufstitel Restaurator im Gold und Silberschmiedehandwerk f\u00fchrt. Und genau diesen Titel f\u00fchrt auch Zeno Ablass und \u00fcber das damit verbundenen Fachwissen in den Bereichen: Dokumentationstechnik, Stilkunde sowie Oberfl\u00e4chen-, Verbindungs- sowie Abformtechniken. Dieses Fachwissen ben\u00f6tigt der Restaurator in seiner tagt\u00e4glichen Arbeit. Damit z\u00e4hlt er zu den deutschlandweit 21 von der Handwerkskammer gepr\u00fcften Restauratoren.<\/p>\n<p style=\"font-weight: bold;\"><em>Die Arbeit des Restaurators<\/em><\/p>\n<p>Um \u00fcberhaupt ein gutes Restaurierungskonzept zu entwickeln, bedarf es zuerst einer ordentlichen Untersuchung, deren Ergebnisse in Wort und Bild dokumentiert werden. Auf dieser Untersuchung fu\u00dft das weitere Vorgehen und die Planung der folgenden Arbeitsschritte. Ziel der Restauratorenarbeit ist eine m\u00f6glichst hohe Dauerhaftigkeit der durchzuf\u00fchrenden Arbeiten. Aus diesem Grund benutzt der Restaurator Materialien, welche schon lange bekannt sind oder als entsprechend lange haltbar gelten. Au\u00dferdem flie\u00dft das individuelle jahrelang geschulte handwerkliche K\u00f6nnen und das zus\u00e4tzlich erworbene Fachwissen in die Arbeit mit ein. Das Endergebnis ist eine Schmuckst\u00fcck, das im wahrsen Sinne des Wortes im alten Glanz erstrahlt.<\/p>\n<p>Mehr Informationen zum Beruf des Restaurators bietet die Internetseite des <a title=\"Leonardo Project\" href=\"http:\/\/leonardo-project.de\/index.php?option=com_content&amp;task=view&amp;id=17&amp;Itemid=32\" target=\"_blank\" rel=\"noopener\">Leonardo-Projekts<\/a>.<\/p>\n<p><span style=\"border-radius: 2px; text-indent: 20px; width: auto; padding: 0px 4px 0px 0px; text-align: center; font: bold 11px\/20px 'Helvetica Neue',Helvetica,sans-serif; color: #ffffff; background: #bd081c no-repeat scroll 3px 50% \/ 14px 14px; position: absolute; opacity: 1; z-index: 8675309; display: none; cursor: pointer; top: 46px; left: 30px;\">Merken<\/span><\/p>\n","protected":false},"excerpt":{"rendered":"<p>Eine Restaurierung stellt die Durchf\u00fchrung von Ma\u00dfnahmen zur Erhaltung von Kunstwerken oder spezieller von Schmuckst\u00fccken alles Art in ihrem materiellen Bestand dar. Sie erfordert eine enorme Sachkenntnis. Um eine Ausbildung zum Restaurator im Bereich des Handwerks zu erlangen, muss zun\u00e4chst eine Lehre absolviert werden. Im Anschluss daran kann bei entsprechender Qualifikation der\u00a0Meister-Abschluss erfolgen. Des Weiteren [&hellip;]<\/p>\n","protected":false},"author":2,"featured_media":0,"parent":0,"menu_order":2,"comment_status":"closed","ping_status":"closed","template":"","meta":[],"_links":{"self":[{"href":"https:\/\/stage.zeno-schmuck.de\/index.php?rest_route=\/wp\/v2\/pages\/3"}],"collection":[{"href":"https:\/\/stage.zeno-schmuck.de\/index.php?rest_route=\/wp\/v2\/pages"}],"about":[{"href":"https:\/\/stage.zeno-schmuck.de\/index.php?rest_route=\/wp\/v2\/types\/page"}],"author":[{"embeddable":true,"href":"https:\/\/stage.zeno-schmuck.de\/index.php?rest_route=\/wp\/v2\/users\/2"}],"replies":[{"embeddable":true,"href":"https:\/\/stage.zeno-schmuck.de\/index.php?rest_route=%2Fwp%2Fv2%2Fcomments&post=3"}],"version-history":[{"count":12,"href":"https:\/\/stage.zeno-schmuck.de\/index.php?rest_route=\/wp\/v2\/pages\/3\/revisions"}],"predecessor-version":[{"id":972,"href":"https:\/\/stage.zeno-schmuck.de\/index.php?rest_route=\/wp\/v2\/pages\/3\/revisions\/972"}],"wp:attachment":[{"href":"https:\/\/stage.zeno-schmuck.de\/index.php?rest_route=%2Fwp%2Fv2%2Fmedia&parent=3"}],"curies":[{"name":"wp","href":"https:\/\/api.w.org\/{rel}","templated":true}]}}