{"id":32,"date":"2009-09-24T07:59:28","date_gmt":"2009-09-24T05:59:28","guid":{"rendered":"http:\/\/wp1128445.wp167.webpack.hosteurope.de\/?page_id=32"},"modified":"2018-05-24T22:58:39","modified_gmt":"2018-05-24T20:58:39","slug":"das-team-von-zeno-schmuck","status":"publish","type":"page","link":"https:\/\/stage.zeno-schmuck.de\/?page_id=32","title":{"rendered":"Das Team"},"content":{"rendered":"<p align=\"center\"><strong>Beratung<\/strong>, individuell und kompetent,<\/p>\n<p align=\"center\">zeitlos klassisches bis modernes <strong>Design<\/strong>,<\/p>\n<p align=\"center\"><strong>Qualit\u00e4t<\/strong>,\u00a0durch Fertigung in Handarbeit mit h\u00f6chster Pr\u00e4zision und ausgesuchten Materialien,<\/p>\n<p align=\"center\"><strong>Restaurierung<\/strong> von historischen St\u00fccken,<\/p>\n<p align=\"center\"><strong>Professionalit\u00e4t<\/strong> von der ersten Beratung bis zur Auslieferung &#8230;<\/p>\n<p align=\"center\">&#8230; daf\u00fcr steht \u00a0Zeno Schmuck.<\/p>\n<p><em>&#8222;Schmuck kreativ entwerfen und in\u00a0h\u00f6chster Pr\u00e4zision zu fertigen, das ist der Anspruch, den Zeno Schmuck mit seinen individuellen Kollektionen verfolgt&#8220;<\/em><\/p>\n<p style=\"text-align: right;\">Zeno Ablass, Goldschmiedemeister,Restaurator und Gesch\u00e4ftsf\u00fchrer von <strong>Zeno Schmuck<\/strong><\/p>\n<p>Die <strong>Werkstatt<\/strong> von Zeno Schmuck im <strong>Zentrum der Ruhrmetropole Essen<\/strong> ist nicht nur mit der<strong> neusten Technik<\/strong> ausgestattet, auch <strong>traditionelles Werkzeug<\/strong> und <strong>klassische Arbeitsprozesse<\/strong> haben hier ihren Platz. Aber nicht die Werkzeuge machen den Unterschied, sondern die Menschen, die diese bedienen.<\/p>\n<p><strong>Goldschiedemeister und Restaurator<\/strong> Zeno Ablass ist so jemand. Doch mit dem Bedienen der Werkzeuge ist es alleine nicht getan. Zuerst kommt die Idee zu einem Schmuckst\u00fcck, die in einem Entwurf festgehalten wird. Dann geht es an die Planung des St\u00fccks. Welche Materialien m\u00fcssen eingekauft werden und vor allem in welchen Mengen.<\/p>\n<p>Schlie\u00dflich geht es an die Werkzeuge. Unter Umst\u00e4nden ist es n\u00f6tig, zuerst ein Modell des Schmuckst\u00fccks zu fertigen. Das Design wird gepr\u00fcft und verfeinert. Dann geht es an die Fertigung des Endprodukts. Nat\u00fcrlich alles in filigraner Handarbeit: Gie\u00dfen, Schleifen, Polieren \u2013 das Schmuckst\u00fcck nimmt langsam Form an.<\/p>\n<p>Noch ein letzter pr\u00fcfender Blick des Meisters und das St\u00fcck kann dem Kunden pr\u00e4sentiert werden.<\/p>\n<p><em>&#8222;Die gestalterische Freiheit, der kreative Schaffensprozess und die Freude am Endprodukt machen f\u00fcr mich den Beruf des Goldschmiedemeisters aus.&#8220;<\/em><\/p>\n<p style=\"text-align: right;\"><strong>Zeno Ablass<\/strong><\/p>\n","protected":false},"excerpt":{"rendered":"<p>Beratung, individuell und kompetent, zeitlos klassisches bis modernes Design, Qualit\u00e4t,\u00a0durch Fertigung in Handarbeit mit h\u00f6chster Pr\u00e4zision und ausgesuchten Materialien, Restaurierung von historischen St\u00fccken, Professionalit\u00e4t von der ersten Beratung bis zur Auslieferung &#8230; &#8230; daf\u00fcr steht \u00a0Zeno Schmuck. &#8222;Schmuck kreativ entwerfen und in\u00a0h\u00f6chster Pr\u00e4zision zu fertigen, das ist der Anspruch, den Zeno Schmuck mit seinen individuellen [&hellip;]<\/p>\n","protected":false},"author":2,"featured_media":0,"parent":0,"menu_order":7,"comment_status":"closed","ping_status":"closed","template":"","meta":[],"_links":{"self":[{"href":"https:\/\/stage.zeno-schmuck.de\/index.php?rest_route=\/wp\/v2\/pages\/32"}],"collection":[{"href":"https:\/\/stage.zeno-schmuck.de\/index.php?rest_route=\/wp\/v2\/pages"}],"about":[{"href":"https:\/\/stage.zeno-schmuck.de\/index.php?rest_route=\/wp\/v2\/types\/page"}],"author":[{"embeddable":true,"href":"https:\/\/stage.zeno-schmuck.de\/index.php?rest_route=\/wp\/v2\/users\/2"}],"replies":[{"embeddable":true,"href":"https:\/\/stage.zeno-schmuck.de\/index.php?rest_route=%2Fwp%2Fv2%2Fcomments&post=32"}],"version-history":[{"count":7,"href":"https:\/\/stage.zeno-schmuck.de\/index.php?rest_route=\/wp\/v2\/pages\/32\/revisions"}],"predecessor-version":[{"id":974,"href":"https:\/\/stage.zeno-schmuck.de\/index.php?rest_route=\/wp\/v2\/pages\/32\/revisions\/974"}],"wp:attachment":[{"href":"https:\/\/stage.zeno-schmuck.de\/index.php?rest_route=%2Fwp%2Fv2%2Fmedia&parent=32"}],"curies":[{"name":"wp","href":"https:\/\/api.w.org\/{rel}","templated":true}]}}